{"id":89,"date":"2021-07-02T20:04:46","date_gmt":"2021-07-02T20:04:46","guid":{"rendered":"http:\/\/129.153.210.10\/site\/about\/"},"modified":"2021-07-07T14:46:07","modified_gmt":"2021-07-07T14:46:07","slug":"about","status":"publish","type":"page","link":"https:\/\/drd.tec.br\/?page_id=89","title":{"rendered":"Sobre"},"content":{"rendered":"\n\n\n\n\nSobre\n\n\n\n\n\n\n\n\n\n\n\n\nSobre a DRD TECNOLOGIA\n\n<p>A DRD atua sob regime de exclusividade, terceirizando o setor de Tecnologia da Informa\u00e7\u00e3o de seus contratantes para que eles possam contar com um ambiente seguro, de alta disponibilidade e&nbsp; confiabilidade e focar em seu ramo de atua\u00e7\u00e3o!&nbsp;<\/p><p>Atuando no mercado desde 2001 a DRD conta com vasta experi\u00eancia em Seguran\u00e7a da Informa\u00e7\u00e3o e boas pr\u00e1ticas de administra\u00e7\u00e3o de redes.\n\n<\/p><p>Por contar com um framework pr\u00f3prio de aplica\u00e7\u00e3o de administra\u00e7\u00e3o de rede e politica de seguran\u00e7a da informa\u00e7\u00e3o a DRD leva a seus contratantes de forma simplificada o que h\u00e1 de melhor nas principais metodologias e praticas de grandes frameworks e corpora\u00e7\u00f5es.<\/p>\n\n\n\n\n\nServi\u00e7os prestados\n\n\n\n<p>Contando com um framework exclusivo, fruto de mais de duas d\u00e9cadas de experi\u00eancia a DRD desenvolveu uma plataforma de monitoramento ativo que agrega disponibilidade, integridade e confidencialidade a seus contratantes acompanhando em tempo real os ativos de nossos clientes.<\/p>\n\n\n<p><span style=\"color: rgb(68, 68, 68); font-family: poppins;\">Com a administra\u00e7\u00e3o ativa A DRD \u00e9 respons\u00e1vel pelos dispositivos de rede, servidores, storages e ambientes de virtualiza\u00e7\u00e3o, como Hyper-V e o VMware, Active Directory, Exchange Server e outros servidores de correio, DNS, proxy server e firewall. Aplicando as boas pr\u00e1ticas do mercado bem como patches de atualiza\u00e7\u00e3o e corre\u00e7\u00e3o.<br><br><\/span><\/p>\n\n\n<p>Os recursos de seguran\u00e7a da da informa\u00e7\u00e3o da DRD ajudam os clientes a superar os desafios, como amea\u00e7as virtuais e ataques ao ambiente de TI corporativos, al\u00e9m de manter a nuvem h\u00edbrida segura. Os servi\u00e7os entregam uma solu\u00e7\u00e3o completa, por meio de plataformas de dispositivos, ferramentas de gerenciamento e monitoramento de incidentes.<\/p>\n\n\n\n\n<p>A DRD disp\u00f5e de uma equipe de arquitetos respons\u00e1veis por estruturar solu\u00e7\u00f5es de tecnologia que suportam as necessidades do neg\u00f3cio dos clientes. Essa equipe tem a fun\u00e7\u00e3o de planejar a infraestrutura, a seguran\u00e7a, gerenciamento de projetos e solu\u00e7\u00f5es de nuvem h\u00edbrida, oferecendo uma vis\u00e3o mais completa dos cen\u00e1rios poss\u00edveis.<\/p>\n\n\n<p>Ao otimizar as rotinas internas agregando tecnologia a DRD consegue entregar a seus contratantes maior disponibilidade, produtividade e seguran\u00e7a, al\u00e9m disso, por atuarmos de forma independente nossos contratantes reduzem custo de recursos humanos in loco e folha de pagamento.<\/p>\n\n\n<p>Cabeamento estruturado, CAT5e, 6, 6A, 7<\/p><p>Certifica\u00e7\u00e3o de rede<\/p><p>Lan\u00e7amento de cabo e configura\u00e7\u00e3o de equipamentos<\/p><p>Telefonia&nbsp;<\/p><p>Adequa\u00e7\u00e3o a normas (NBR 14565 e EIA\/TIA 568D)<\/p>\n\n\n\n\n\n\n\n\nOs n\u00fameros falam por n\u00f3s\n\n\n\n\n\n\n\n\n\n\n\n\n\n\n\n\n\n\n\nPorque usar nossos servi\u00e7os ?\n\n\n\n<div><span style=\"color: rgb(68, 68, 68); font-family: poppins; font-style: inherit; font-variant-ligatures: inherit; font-variant-caps: inherit;\">Por utilizar uma metodologia pr\u00f3pria de resposta a chamados a DRD conta com um tempo de resolu\u00e7\u00e3o de chamados muito baixo!<\/span><br><\/div>\n\n\n<p style=\"font-size: 14px;\"><span style=\"color: rgb(68, 68, 68); font-family: poppins; text-align: center;\">Ao terceirizar seu setor de TI nossos contratantes diminuem despesas com folha de pagamento e treinamento e capacita\u00e7\u00e3o continua de seus colaboradores.<\/span><\/p>\n\n\n<p style=\"margin: 0px 0px 10px; padding: 0px; border: 0px; font-variant-numeric: inherit; font-variant-east-asian: inherit; font-stretch: inherit; font-size: 14px; line-height: 1.6; font-family: poppins; vertical-align: baseline; color: rgb(68, 68, 68); text-align: center;\">Em planos de SLA de alta disponibilidade contamos com t\u00e9cnicos de planta\u00e7\u00e3o 24 horas por dia 7 dias por semana.<\/p><p style=\"font-size: 14px;\"><span style=\"color: rgb(0, 0, 0); font-family: Cabin; text-align: center; font-size: 12px;\">**Apenas para acordos SLA RA<\/span><\/p>\n\n\n\n\n\n\nTestemunhos\n\n\n\n\n<p style=\"text-align: left; font-size: 14px;\">Eu non diam phasellus vestibulum lorem.Excepteur sint occaecat cupidatat non proident, suntin culpa qui officia deserunt mollit animid est laborum.<\/p>\n\n\n\n\n<p style=\"text-align: left; font-size: 14px;\">Eu non diam phasellus vestibulum lorem.Excepteur sint occaecat cupidatat non proident, suntin culpa qui officia deserunt mollit animid est laborum.<\/p>\n\n\n\n\n<p style=\"text-align: left; font-size: 14px;\">Eu non diam phasellus vestibulum lorem.Excepteur sint occaecat cupidatat non proident, suntin culpa qui officia deserunt mollit animid est laborum.<\/p>\n\n\n\n\n\n","protected":false},"excerpt":{"rendered":"","protected":false},"author":1,"featured_media":0,"parent":0,"menu_order":0,"comment_status":"closed","ping_status":"closed","template":"","meta":{"footnotes":""},"class_list":["post-89","page","type-page","status-publish","hentry"],"_links":{"self":[{"href":"https:\/\/drd.tec.br\/index.php?rest_route=\/wp\/v2\/pages\/89","targetHints":{"allow":["GET"]}}],"collection":[{"href":"https:\/\/drd.tec.br\/index.php?rest_route=\/wp\/v2\/pages"}],"about":[{"href":"https:\/\/drd.tec.br\/index.php?rest_route=\/wp\/v2\/types\/page"}],"author":[{"embeddable":true,"href":"https:\/\/drd.tec.br\/index.php?rest_route=\/wp\/v2\/users\/1"}],"replies":[{"embeddable":true,"href":"https:\/\/drd.tec.br\/index.php?rest_route=%2Fwp%2Fv2%2Fcomments&post=89"}],"version-history":[{"count":27,"href":"https:\/\/drd.tec.br\/index.php?rest_route=\/wp\/v2\/pages\/89\/revisions"}],"predecessor-version":[{"id":241,"href":"https:\/\/drd.tec.br\/index.php?rest_route=\/wp\/v2\/pages\/89\/revisions\/241"}],"wp:attachment":[{"href":"https:\/\/drd.tec.br\/index.php?rest_route=%2Fwp%2Fv2%2Fmedia&parent=89"}],"curies":[{"name":"wp","href":"https:\/\/api.w.org\/{rel}","templated":true}]}}