{"id":85,"date":"2021-07-02T20:04:46","date_gmt":"2021-07-02T20:04:46","guid":{"rendered":"http:\/\/129.153.210.10\/site\/home\/"},"modified":"2022-08-18T17:29:36","modified_gmt":"2022-08-18T17:29:36","slug":"home","status":"publish","type":"page","link":"https:\/\/drd.tec.br\/","title":{"rendered":"Home"},"content":{"rendered":"\n\n\n\n\nServi\u00e7os prestados\n\n\n\n\n\n<p><span style=\"font-size: 14px;\">Contando com um framework exclusivo, fruto de mais de duas d\u00e9cadas de experi\u00eancia a DRD desenvolveu uma plataforma de monitoramento ativo que agrega disponibilidade, integridade e confidencialidade a seus contratantes acompanhando em tempo real os ativos de nossos clientes.<\/span><\/p>\n\n\n\n<p><span>Com a administra\u00e7\u00e3o ativa a&nbsp; DRD \u00e9 respons\u00e1vel pelos dispositivos de rede, servidores, storages e ambientes de virtualiza\u00e7\u00e3o, como Hyper-V e o VMware, Active Directory, Exchange Server e outros servidores de correio, DNS, proxy server e firewall. Aplicando as boas pr\u00e1ticas do mercado bem como patches de atualiza\u00e7\u00e3o e corre\u00e7\u00e3o.<\/span><br><\/p>\n\n\n<p>Os recursos de seguran\u00e7a da informa\u00e7\u00e3o da DRD ajudam os clientes a superar os desafios, como amea\u00e7as virtuais e ataques ao ambiente de TI corporativos, al\u00e9m de manter a nuvem h\u00edbrida segura. Os servi\u00e7os entregam uma solu\u00e7\u00e3o completa, por meio de plataformas de dispositivos, ferramentas de gerenciamento e monitoramento de incidentes.<\/p>\n\n\n\n\n\n<p><span>A DRD disp\u00f5e de uma equipe de arquitetos respons\u00e1veis por estruturar solu\u00e7\u00f5es de tecnologia que suportam as necessidades do neg\u00f3cio dos clientes. Essa equipe tem a fun\u00e7\u00e3o de planejar a infraestrutura, a seguran\u00e7a, gerenciamento de projetos e solu\u00e7\u00f5es de nuvem h\u00edbrida, oferecendo uma vis\u00e3o mais completa dos cen\u00e1rios poss\u00edveis.<\/span><br><\/p>\n\n\n\n\n<p>Ao otimizar as rotinas internas agregando tecnologia a DRD consegue entregar a seus contratantes maior produtividade e seguran\u00e7a, al\u00e9m disso, por atuarmos de forma independente nossos contratantes reduzem custo de recursos humanos in loco e folha de pagamento.<\/p>\n\n\n\n\n<p><span style=\"text-align: justify;\">Cabeamento estruturado, CAT5e, 6, 6A, 7<\/span><\/p><p><span style=\"text-align: justify;\">Certifica\u00e7\u00e3o de rede<\/span><\/p><p><span style=\"text-align: justify;\">Lan\u00e7amento de cabo e configura\u00e7\u00e3o de equipamentos<\/span><\/p><p><span style=\"text-align: justify;\">Telefonia&nbsp;<\/span><\/p><p><span style=\"text-align: justify;\">Adequa\u00e7\u00e3o a normas (NBR 14565 e EIA\/TIA 568D)<\/span><\/p>\n\n\n\n\n\n\n\n\n\n\n\n\nPorque usar nossos servi\u00e7os ?\n\n\n\n\n\n<p>Por utilizar uma metodologia pr\u00f3pria de resposta a chamados a DRD conta com um tempo de resolu\u00e7\u00e3o de chamados muito baixo!<\/p>\n\n\n\n\n<p style=\"font-size: 14px;\">Ao terceirizar seu setor de TI nossos contratantes diminuem despesas com folha de pagamento e treinamento e capacita\u00e7\u00e3o continua de seus colaboradores.<\/p>\n\n\n\n<p style=\"font-size: 14px;\">Em planos de SLA de alta disponibilidade contamos com t\u00e9cnicos de plant\u00e3o 24 horas por dia 7 dias por semana.<\/p><span style=\"font-size: 12px;\">**Apenas para acordos SLA RA<\/span><p style=\"font-size: 14px;\"><em><\/em><\/p>\n\n\n\n\n\n\n\nOs n\u00fameros falam por n\u00f3s\n\n\n\n\n\n\n\n\n\n\n\n\n\n\n\n\n\n\n\n\nNossos clientes\n\n\n\n\n\n\n\n\n\n\n\n\n\n\n\n\n\n\n\n\n\n","protected":false},"excerpt":{"rendered":"","protected":false},"author":1,"featured_media":0,"parent":0,"menu_order":0,"comment_status":"closed","ping_status":"closed","template":"","meta":{"footnotes":""},"class_list":["post-85","page","type-page","status-publish","hentry"],"_links":{"self":[{"href":"https:\/\/drd.tec.br\/index.php?rest_route=\/wp\/v2\/pages\/85","targetHints":{"allow":["GET"]}}],"collection":[{"href":"https:\/\/drd.tec.br\/index.php?rest_route=\/wp\/v2\/pages"}],"about":[{"href":"https:\/\/drd.tec.br\/index.php?rest_route=\/wp\/v2\/types\/page"}],"author":[{"embeddable":true,"href":"https:\/\/drd.tec.br\/index.php?rest_route=\/wp\/v2\/users\/1"}],"replies":[{"embeddable":true,"href":"https:\/\/drd.tec.br\/index.php?rest_route=%2Fwp%2Fv2%2Fcomments&post=85"}],"version-history":[{"count":28,"href":"https:\/\/drd.tec.br\/index.php?rest_route=\/wp\/v2\/pages\/85\/revisions"}],"predecessor-version":[{"id":284,"href":"https:\/\/drd.tec.br\/index.php?rest_route=\/wp\/v2\/pages\/85\/revisions\/284"}],"wp:attachment":[{"href":"https:\/\/drd.tec.br\/index.php?rest_route=%2Fwp%2Fv2%2Fmedia&parent=85"}],"curies":[{"name":"wp","href":"https:\/\/api.w.org\/{rel}","templated":true}]}}